{"id":18048,"date":"2024-03-22T00:22:39","date_gmt":"2024-03-22T00:22:39","guid":{"rendered":"https:\/\/mydagro.com\/es\/?post_type=product&#038;p=18048"},"modified":"2025-04-24T16:10:58","modified_gmt":"2025-04-24T16:10:58","slug":"e-microzyme-2","status":"publish","type":"product","link":"https:\/\/mydagro.com\/es\/product\/e-microzyme-2\/","title":{"rendered":"E-Microzyme 1L"},"content":{"rendered":"<p>Es un potente complejo microbiano que tiene como objetivo restablecer la actividad y biodiversidad biol\u00f3gica del suelo, acelerando la producci\u00f3n y transformaci\u00f3n de nutrientes; haci\u00e9ndolos disponibles a las plantas y recuperando a la vez el equilibrio microbiol\u00f3gico propio de un suelo sano.<\/p>\n<p>Aumenta la fertilidad de los suelos, poniendo en disponibilidad los nutrientes a las plantas<\/p>\n<h5>Descripci\u00f3n del producto:<\/h5>\n<p><strong>OMRI<\/strong>: myd-16241<br \/>\n<strong>Forma F\u00edsica:<\/strong> Concentrado L\u00edquido.<br \/>\n<strong>Formulaci\u00f3n<\/strong>: C\u00e9lulas micro-encapsuladas de microorganismos no pat\u00f3genos y enzimas inmovilizadas suspendidas en un bio-pol\u00edmero 100% natural y no t\u00f3xico.<\/p>\n<h5>Microorganismos:<\/h5>\n<p><strong>Primarios<\/strong>: Azotobacter vinelandii y Clostridium pasteurianum.<br \/>\n<strong>Secundarios<\/strong>: Nitrobacter, Nitrosomonas, Nitrococcus, Pseudonomas, Micrococcus,lactobacter, Termoactenomicetos, Actenomicetos, Bacilos entre otros.<br \/>\n<strong>Microorganismos fotosint\u00e9ticos:<\/strong> Spirulina, Noztoc, Azolla y Algas marinas.<\/p>\n","protected":false},"excerpt":{"rendered":"<div class=\"elementor-button-wrapper\" style=\"margin-right: 1rem;\">\n<p><a class=\"elementor-button elementor-button-link elementor-size-sm\" href=\"https:\/\/mydagro.com\/es\/wp-content\/uploads\/2024\/03\/Emicrozyme_Ficha_Tecnica.pdf\">Ficha T\u00e9cnica<\/a><br \/>\n<a class=\"elementor-button elementor-button-link elementor-size-sm\" href=\"https:\/\/mydagro.com\/es\/wp-content\/uploads\/2024\/03\/Como_funciona.pdf\">\u00bfC\u00f3mo Funciona?<\/a><br \/>\n<a class=\"elementor-button elementor-button-link elementor-size-sm\" href=\"https:\/\/mydagro.com\/es\/wp-content\/uploads\/2024\/03\/Beneficios-del-Producto.pdf\">Beneficios de E-MICROZYME<\/a><\/p>\n<\/div>\n","protected":false},"featured_media":18045,"template":"","meta":{"nf_dc_page":""},"product_brand":[],"product_cat":[73],"product_tag":[],"class_list":{"0":"post-18048","1":"product","2":"type-product","3":"status-publish","4":"has-post-thumbnail","6":"product_cat-microorganismos","8":"first","9":"instock","10":"shipping-taxable","11":"product-type-simple"},"_links":{"self":[{"href":"https:\/\/mydagro.com\/es\/wp-json\/wp\/v2\/product\/18048","targetHints":{"allow":["GET"]}}],"collection":[{"href":"https:\/\/mydagro.com\/es\/wp-json\/wp\/v2\/product"}],"about":[{"href":"https:\/\/mydagro.com\/es\/wp-json\/wp\/v2\/types\/product"}],"wp:featuredmedia":[{"embeddable":true,"href":"https:\/\/mydagro.com\/es\/wp-json\/wp\/v2\/media\/18045"}],"wp:attachment":[{"href":"https:\/\/mydagro.com\/es\/wp-json\/wp\/v2\/media?parent=18048"}],"wp:term":[{"taxonomy":"product_brand","embeddable":true,"href":"https:\/\/mydagro.com\/es\/wp-json\/wp\/v2\/product_brand?post=18048"},{"taxonomy":"product_cat","embeddable":true,"href":"https:\/\/mydagro.com\/es\/wp-json\/wp\/v2\/product_cat?post=18048"},{"taxonomy":"product_tag","embeddable":true,"href":"https:\/\/mydagro.com\/es\/wp-json\/wp\/v2\/product_tag?post=18048"}],"curies":[{"name":"wp","href":"https:\/\/api.w.org\/{rel}","templated":true}]}}