{"id":17858,"date":"2024-03-14T01:15:07","date_gmt":"2024-03-14T01:15:07","guid":{"rendered":"https:\/\/mydagro.com\/es\/?page_id=17858"},"modified":"2025-09-16T01:29:24","modified_gmt":"2025-09-16T01:29:24","slug":"presencia","status":"publish","type":"page","link":"https:\/\/mydagro.com\/es\/presencia\/","title":{"rendered":"Presencia"},"content":{"rendered":"\t\t<div data-elementor-type=\"wp-page\" data-elementor-id=\"17858\" class=\"elementor elementor-17858\" data-elementor-post-type=\"page\">\n\t\t\t\t<div class=\"elementor-element elementor-element-f57e511 e-con-full e-flex e-con e-parent\" data-id=\"f57e511\" data-element_type=\"container\" data-e-type=\"container\" data-settings=\"{&quot;background_background&quot;:&quot;classic&quot;}\">\n\t\t\t\t<div class=\"elementor-element elementor-element-e1abbca elementor-widget__width-initial elementor-widget elementor-widget-heading\" data-id=\"e1abbca\" data-element_type=\"widget\" data-e-type=\"widget\" data-widget_type=\"heading.default\">\n\t\t\t\t<div class=\"elementor-widget-container\">\n\t\t\t\t\t<h2 class=\"elementor-heading-title elementor-size-default\">Contamos con una amplia red de distribuidores en EUA, M\u00e9xico, Centro America y Uni\u00f3n Europea.<\/h2>\t\t\t\t<\/div>\n\t\t\t\t<\/div>\n\t\t\t\t<div class=\"elementor-element elementor-element-4cd7cab elementor-widget__width-initial elementor-widget elementor-widget-heading\" data-id=\"4cd7cab\" data-element_type=\"widget\" data-e-type=\"widget\" data-widget_type=\"heading.default\">\n\t\t\t\t<div class=\"elementor-widget-container\">\n\t\t\t\t\t<p class=\"elementor-heading-title elementor-size-default\">Te ayudamos a aumentar significativamente la producci\u00f3n y calidad de tus alimentos<\/p>\t\t\t\t<\/div>\n\t\t\t\t<\/div>\n\t\t\t\t<\/div>\n\t\t<div class=\"elementor-element elementor-element-410f15e e-con-full e-flex e-con e-parent\" data-id=\"410f15e\" data-element_type=\"container\" data-e-type=\"container\" data-settings=\"{&quot;background_background&quot;:&quot;classic&quot;}\">\n\t\t\t\t<div class=\"elementor-element elementor-element-b8f483e elementor-widget elementor-widget-image\" data-id=\"b8f483e\" data-element_type=\"widget\" data-e-type=\"widget\" data-widget_type=\"image.default\">\n\t\t\t\t<div class=\"elementor-widget-container\">\n\t\t\t\t\t\t\t\t\t\t\t\t\t\t\t<img decoding=\"async\" width=\"300\" height=\"97\" src=\"https:\/\/mydagro.com\/es\/wp-content\/uploads\/2021\/10\/e_microzyme-300x97.png\" class=\"attachment-medium size-medium wp-image-17792\" alt=\"\" srcset=\"https:\/\/mydagro.com\/es\/wp-content\/uploads\/2021\/10\/e_microzyme-300x97.png 300w, https:\/\/mydagro.com\/es\/wp-content\/uploads\/2021\/10\/e_microzyme.png 389w\" sizes=\"(max-width: 300px) 100vw, 300px\" \/>\t\t\t\t\t\t\t\t\t\t\t\t\t\t\t<\/div>\n\t\t\t\t<\/div>\n\t\t\t\t<\/div>\n\t\t<div class=\"elementor-element elementor-element-25d123c e-con-full e-flex e-con e-parent\" data-id=\"25d123c\" data-element_type=\"container\" data-e-type=\"container\" data-settings=\"{&quot;background_background&quot;:&quot;classic&quot;}\">\n\t\t\t\t<div class=\"elementor-element elementor-element-9cbfc30 elementor-widget__width-auto elementor-widget elementor-widget-image\" data-id=\"9cbfc30\" data-element_type=\"widget\" data-e-type=\"widget\" data-widget_type=\"image.default\">\n\t\t\t\t<div class=\"elementor-widget-container\">\n\t\t\t\t\t\t\t\t\t\t\t\t\t\t\t<img fetchpriority=\"high\" decoding=\"async\" width=\"640\" height=\"799\" src=\"https:\/\/mydagro.com\/es\/wp-content\/uploads\/2025\/09\/Mapa_Actualizado_Septiembre_2025-768x959.png\" class=\"attachment-medium_large size-medium_large wp-image-18288\" alt=\"\" srcset=\"https:\/\/mydagro.com\/es\/wp-content\/uploads\/2025\/09\/Mapa_Actualizado_Septiembre_2025-768x959.png 768w, https:\/\/mydagro.com\/es\/wp-content\/uploads\/2025\/09\/Mapa_Actualizado_Septiembre_2025-240x300.png 240w, https:\/\/mydagro.com\/es\/wp-content\/uploads\/2025\/09\/Mapa_Actualizado_Septiembre_2025-820x1024.png 820w, https:\/\/mydagro.com\/es\/wp-content\/uploads\/2025\/09\/Mapa_Actualizado_Septiembre_2025-1230x1536.png 1230w, https:\/\/mydagro.com\/es\/wp-content\/uploads\/2025\/09\/Mapa_Actualizado_Septiembre_2025-1640x2048.png 1640w, https:\/\/mydagro.com\/es\/wp-content\/uploads\/2025\/09\/Mapa_Actualizado_Septiembre_2025-600x749.png 600w\" sizes=\"(max-width: 640px) 100vw, 640px\" \/>\t\t\t\t\t\t\t\t\t\t\t\t\t\t\t<\/div>\n\t\t\t\t<\/div>\n\t\t\t\t<\/div>\n\t\t<div class=\"elementor-element elementor-element-af16f80 e-con-full e-flex e-con e-parent\" data-id=\"af16f80\" data-element_type=\"container\" data-e-type=\"container\" data-settings=\"{&quot;background_background&quot;:&quot;classic&quot;}\">\n\t\t<div class=\"elementor-element elementor-element-630dbca e-flex e-con-boxed e-con e-child\" data-id=\"630dbca\" data-element_type=\"container\" data-e-type=\"container\">\n\t\t\t\t\t<div class=\"e-con-inner\">\n\t\t<div class=\"elementor-element elementor-element-dbc3538 e-con-full e-flex e-con e-child\" data-id=\"dbc3538\" data-element_type=\"container\" data-e-type=\"container\">\n\t\t<div class=\"elementor-element elementor-element-8f52224 e-con-full e-flex e-con e-child\" data-id=\"8f52224\" data-element_type=\"container\" data-e-type=\"container\">\n\t\t\t\t<div class=\"elementor-element elementor-element-cf0d43a elementor-widget__width-auto elementor-widget elementor-widget-image\" data-id=\"cf0d43a\" data-element_type=\"widget\" data-e-type=\"widget\" data-widget_type=\"image.default\">\n\t\t\t\t<div class=\"elementor-widget-container\">\n\t\t\t\t\t\t\t\t\t\t\t\t\t\t\t<img decoding=\"async\" width=\"100\" height=\"59\" src=\"https:\/\/mydagro.com\/es\/wp-content\/uploads\/2021\/10\/mexico.png\" class=\"attachment-thumbnail size-thumbnail wp-image-17782\" alt=\"\" \/>\t\t\t\t\t\t\t\t\t\t\t\t\t\t\t<\/div>\n\t\t\t\t<\/div>\n\t\t\t\t<div class=\"elementor-element elementor-element-da6dfd2 elementor-widget elementor-widget-heading\" data-id=\"da6dfd2\" data-element_type=\"widget\" data-e-type=\"widget\" data-widget_type=\"heading.default\">\n\t\t\t\t<div class=\"elementor-widget-container\">\n\t\t\t\t\t<h2 class=\"elementor-heading-title elementor-size-default\">M\u00e9xico<\/h2>\t\t\t\t<\/div>\n\t\t\t\t<\/div>\n\t\t\t\t<\/div>\n\t\t\t\t<div class=\"elementor-element elementor-element-71fcd8a elementor-widget-mobile__width-initial elementor-widget elementor-widget-heading\" data-id=\"71fcd8a\" data-element_type=\"widget\" data-e-type=\"widget\" data-widget_type=\"heading.default\">\n\t\t\t\t<div class=\"elementor-widget-container\">\n\t\t\t\t\t<span class=\"elementor-heading-title elementor-size-default\">\u25cf Baja California<br>\u25cf Baja California Sur<br>\u25cf Sonora<br>Chihuahua<br>\n\u25cf Coahuila<br>\u25cf Nuevo Le\u00f3n<br>\u25cf Tamaulipas<br>\u25cf Sinaloa<br>\u25cf Nayarit<br>\u25cf Jalisco<br><\/span>\t\t\t\t<\/div>\n\t\t\t\t<\/div>\n\t\t\t\t<\/div>\n\t\t<div class=\"elementor-element elementor-element-a446097 e-con-full e-flex e-con e-child\" data-id=\"a446097\" data-element_type=\"container\" data-e-type=\"container\">\n\t\t\t\t<div class=\"elementor-element elementor-element-708a660 elementor-widget-mobile__width-initial elementor-widget elementor-widget-heading\" data-id=\"708a660\" data-element_type=\"widget\" data-e-type=\"widget\" data-widget_type=\"heading.default\">\n\t\t\t\t<div class=\"elementor-widget-container\">\n\t\t\t\t\t<span class=\"elementor-heading-title elementor-size-default\">\u25cf Michoac\u00e1n<br>\u25cf Colima<br>\u25cf Zacatecas<br>\u25cf San Lu\u00eds Potos\u00ed<br>\u25cf Puebla<br>\u25cf Morelos<br>\u25cf  Aguascalientes<br>\u25cf Edo. M\u00e9xico<br>\u25cf Veracruz<br>\u25cf Campeche<br>\u25cf Yucat\u00e1n<br>\u25cf Quintana Roo<\/span>\t\t\t\t<\/div>\n\t\t\t\t<\/div>\n\t\t\t\t<\/div>\n\t\t<div class=\"elementor-element elementor-element-5c9f99e e-con-full e-flex e-con e-child\" data-id=\"5c9f99e\" data-element_type=\"container\" data-e-type=\"container\">\n\t\t<div class=\"elementor-element elementor-element-485d5ed e-flex e-con-boxed e-con e-child\" data-id=\"485d5ed\" data-element_type=\"container\" data-e-type=\"container\">\n\t\t\t\t\t<div class=\"e-con-inner\">\n\t\t\t\t<div class=\"elementor-element elementor-element-d30f820 elementor-widget__width-auto elementor-widget elementor-widget-image\" data-id=\"d30f820\" data-element_type=\"widget\" data-e-type=\"widget\" data-widget_type=\"image.default\">\n\t\t\t\t<div class=\"elementor-widget-container\">\n\t\t\t\t\t\t\t\t\t\t\t\t\t\t\t<img loading=\"lazy\" decoding=\"async\" width=\"100\" height=\"59\" src=\"https:\/\/mydagro.com\/es\/wp-content\/uploads\/2021\/10\/USA.png\" class=\"attachment-thumbnail size-thumbnail wp-image-17784\" alt=\"\" \/>\t\t\t\t\t\t\t\t\t\t\t\t\t\t\t<\/div>\n\t\t\t\t<\/div>\n\t\t\t\t<div class=\"elementor-element elementor-element-f636105 elementor-widget__width-auto elementor-widget elementor-widget-heading\" data-id=\"f636105\" data-element_type=\"widget\" data-e-type=\"widget\" data-widget_type=\"heading.default\">\n\t\t\t\t<div class=\"elementor-widget-container\">\n\t\t\t\t\t<h2 class=\"elementor-heading-title elementor-size-default\">Estados Unidos<\/h2>\t\t\t\t<\/div>\n\t\t\t\t<\/div>\n\t\t\t\t\t<\/div>\n\t\t\t\t<\/div>\n\t\t\t\t<div class=\"elementor-element elementor-element-e3c05f4 elementor-widget__width-inherit elementor-widget-mobile__width-initial elementor-widget elementor-widget-heading\" data-id=\"e3c05f4\" data-element_type=\"widget\" data-e-type=\"widget\" data-widget_type=\"heading.default\">\n\t\t\t\t<div class=\"elementor-widget-container\">\n\t\t\t\t\t<span class=\"elementor-heading-title elementor-size-default\">\u25cf California<br>\u25cf Illinois<br>\u25cf Iowa<br>\u25cf Indiana<br>\u25cf Ohio<br>\u25cf Texas<br>\u25cf California<br>\u25cf Illinois<br>\u25cf Iowa<br>\u25cf Indiana<br>\u25cf Ohio<br>\u25cf Texas<\/span>\t\t\t\t<\/div>\n\t\t\t\t<\/div>\n\t\t\t\t<\/div>\n\t\t<div class=\"elementor-element elementor-element-e7ed91b e-con-full e-flex e-con e-child\" data-id=\"e7ed91b\" data-element_type=\"container\" data-e-type=\"container\">\n\t\t<div class=\"elementor-element elementor-element-4eb445e e-flex e-con-boxed e-con e-child\" data-id=\"4eb445e\" data-element_type=\"container\" data-e-type=\"container\">\n\t\t\t\t\t<div class=\"e-con-inner\">\n\t\t\t\t<div class=\"elementor-element elementor-element-239201e elementor-widget__width-auto elementor-widget elementor-widget-heading\" data-id=\"239201e\" data-element_type=\"widget\" data-e-type=\"widget\" data-widget_type=\"heading.default\">\n\t\t\t\t<div class=\"elementor-widget-container\">\n\t\t\t\t\t<h2 class=\"elementor-heading-title elementor-size-default\">Centro Am\u00e9rica<\/h2>\t\t\t\t<\/div>\n\t\t\t\t<\/div>\n\t\t\t\t\t<\/div>\n\t\t\t\t<\/div>\n\t\t<div class=\"elementor-element elementor-element-d2ffe05 e-con-full e-flex e-con e-child\" data-id=\"d2ffe05\" data-element_type=\"container\" data-e-type=\"container\">\n\t\t\t\t<div class=\"elementor-element elementor-element-db6c6f7 elementor-widget__width-auto elementor-widget elementor-widget-image\" data-id=\"db6c6f7\" data-element_type=\"widget\" data-e-type=\"widget\" data-widget_type=\"image.default\">\n\t\t\t\t<div class=\"elementor-widget-container\">\n\t\t\t\t\t\t\t\t\t\t\t\t\t\t\t<img decoding=\"async\" src=\"https:\/\/mydagro.com\/es\/wp-content\/uploads\/2021\/10\/Guatemala.png\" title=\"Guatemala\" alt=\"Guatemala\" loading=\"lazy\" \/>\t\t\t\t\t\t\t\t\t\t\t\t\t\t\t<\/div>\n\t\t\t\t<\/div>\n\t\t\t\t<div class=\"elementor-element elementor-element-3370c20 elementor-widget__width-auto elementor-widget elementor-widget-heading\" data-id=\"3370c20\" data-element_type=\"widget\" data-e-type=\"widget\" data-widget_type=\"heading.default\">\n\t\t\t\t<div class=\"elementor-widget-container\">\n\t\t\t\t\t<h2 class=\"elementor-heading-title elementor-size-default\">\u25cf Guatemala<\/h2>\t\t\t\t<\/div>\n\t\t\t\t<\/div>\n\t\t\t\t<\/div>\n\t\t<div class=\"elementor-element elementor-element-a4bee3d e-con-full e-flex e-con e-child\" data-id=\"a4bee3d\" data-element_type=\"container\" data-e-type=\"container\">\n\t\t\t\t<div class=\"elementor-element elementor-element-642264a elementor-widget__width-auto elementor-widget elementor-widget-image\" data-id=\"642264a\" data-element_type=\"widget\" data-e-type=\"widget\" data-widget_type=\"image.default\">\n\t\t\t\t<div class=\"elementor-widget-container\">\n\t\t\t\t\t\t\t\t\t\t\t\t\t\t\t<img loading=\"lazy\" decoding=\"async\" width=\"100\" height=\"60\" src=\"https:\/\/mydagro.com\/es\/wp-content\/uploads\/2021\/10\/belice.png\" class=\"attachment-thumbnail size-thumbnail wp-image-17776\" alt=\"\" \/>\t\t\t\t\t\t\t\t\t\t\t\t\t\t\t<\/div>\n\t\t\t\t<\/div>\n\t\t\t\t<div class=\"elementor-element elementor-element-dab9a81 elementor-widget__width-auto elementor-widget elementor-widget-heading\" data-id=\"dab9a81\" data-element_type=\"widget\" data-e-type=\"widget\" data-widget_type=\"heading.default\">\n\t\t\t\t<div class=\"elementor-widget-container\">\n\t\t\t\t\t<h2 class=\"elementor-heading-title elementor-size-default\">\u25cf Belice<\/h2>\t\t\t\t<\/div>\n\t\t\t\t<\/div>\n\t\t\t\t<\/div>\n\t\t<div class=\"elementor-element elementor-element-24a2c53 e-con-full e-flex e-con e-child\" data-id=\"24a2c53\" data-element_type=\"container\" data-e-type=\"container\">\n\t\t\t\t<div class=\"elementor-element elementor-element-8ddcae6 elementor-widget__width-auto elementor-widget elementor-widget-image\" data-id=\"8ddcae6\" data-element_type=\"widget\" data-e-type=\"widget\" data-widget_type=\"image.default\">\n\t\t\t\t<div class=\"elementor-widget-container\">\n\t\t\t\t\t\t\t\t\t\t\t\t\t\t\t<img loading=\"lazy\" decoding=\"async\" width=\"100\" height=\"50\" src=\"https:\/\/mydagro.com\/es\/wp-content\/uploads\/2021\/10\/honduras.png\" class=\"attachment-thumbnail size-thumbnail wp-image-17781\" alt=\"\" \/>\t\t\t\t\t\t\t\t\t\t\t\t\t\t\t<\/div>\n\t\t\t\t<\/div>\n\t\t\t\t<div class=\"elementor-element elementor-element-05032d0 elementor-widget__width-auto elementor-widget elementor-widget-heading\" data-id=\"05032d0\" data-element_type=\"widget\" data-e-type=\"widget\" data-widget_type=\"heading.default\">\n\t\t\t\t<div class=\"elementor-widget-container\">\n\t\t\t\t\t<h2 class=\"elementor-heading-title elementor-size-default\">\u25cf Honduras<\/h2>\t\t\t\t<\/div>\n\t\t\t\t<\/div>\n\t\t\t\t<\/div>\n\t\t<div class=\"elementor-element elementor-element-63765b9 e-con-full e-flex e-con e-child\" data-id=\"63765b9\" data-element_type=\"container\" data-e-type=\"container\">\n\t\t\t\t<div class=\"elementor-element elementor-element-150eea8 elementor-widget__width-auto elementor-widget elementor-widget-image\" data-id=\"150eea8\" data-element_type=\"widget\" data-e-type=\"widget\" data-widget_type=\"image.default\">\n\t\t\t\t<div class=\"elementor-widget-container\">\n\t\t\t\t\t\t\t\t\t\t\t\t\t\t\t<img loading=\"lazy\" decoding=\"async\" width=\"100\" height=\"57\" src=\"https:\/\/mydagro.com\/es\/wp-content\/uploads\/2021\/10\/elsalvador.png\" class=\"attachment-thumbnail size-thumbnail wp-image-17778\" alt=\"\" \/>\t\t\t\t\t\t\t\t\t\t\t\t\t\t\t<\/div>\n\t\t\t\t<\/div>\n\t\t\t\t<div class=\"elementor-element elementor-element-1b6a73a elementor-widget__width-auto elementor-widget elementor-widget-heading\" data-id=\"1b6a73a\" data-element_type=\"widget\" data-e-type=\"widget\" data-widget_type=\"heading.default\">\n\t\t\t\t<div class=\"elementor-widget-container\">\n\t\t\t\t\t<h2 class=\"elementor-heading-title elementor-size-default\">\u25cf Salvador<\/h2>\t\t\t\t<\/div>\n\t\t\t\t<\/div>\n\t\t\t\t<\/div>\n\t\t<div class=\"elementor-element elementor-element-4dde6a5 e-con-full e-flex e-con e-child\" data-id=\"4dde6a5\" data-element_type=\"container\" data-e-type=\"container\">\n\t\t\t\t<div class=\"elementor-element elementor-element-25598ea elementor-widget__width-auto elementor-widget elementor-widget-image\" data-id=\"25598ea\" data-element_type=\"widget\" data-e-type=\"widget\" data-widget_type=\"image.default\">\n\t\t\t\t<div class=\"elementor-widget-container\">\n\t\t\t\t\t\t\t\t\t\t\t\t\t\t\t<img loading=\"lazy\" decoding=\"async\" width=\"100\" height=\"60\" src=\"https:\/\/mydagro.com\/es\/wp-content\/uploads\/2021\/10\/Nicaragua.png\" class=\"attachment-thumbnail size-thumbnail wp-image-17783\" alt=\"\" \/>\t\t\t\t\t\t\t\t\t\t\t\t\t\t\t<\/div>\n\t\t\t\t<\/div>\n\t\t\t\t<div class=\"elementor-element elementor-element-f32854f elementor-widget__width-auto elementor-widget elementor-widget-heading\" data-id=\"f32854f\" data-element_type=\"widget\" data-e-type=\"widget\" data-widget_type=\"heading.default\">\n\t\t\t\t<div class=\"elementor-widget-container\">\n\t\t\t\t\t<h2 class=\"elementor-heading-title elementor-size-default\">\u25cf Nicaragua<\/h2>\t\t\t\t<\/div>\n\t\t\t\t<\/div>\n\t\t\t\t<\/div>\n\t\t<div class=\"elementor-element elementor-element-e5a8360 e-con-full e-flex e-con e-child\" data-id=\"e5a8360\" data-element_type=\"container\" data-e-type=\"container\">\n\t\t\t\t<div class=\"elementor-element elementor-element-6bbf647 elementor-widget__width-auto elementor-widget-mobile__width-initial elementor-widget elementor-widget-image\" data-id=\"6bbf647\" data-element_type=\"widget\" data-e-type=\"widget\" data-widget_type=\"image.default\">\n\t\t\t\t<div class=\"elementor-widget-container\">\n\t\t\t\t\t\t\t\t\t\t\t\t\t\t\t<img loading=\"lazy\" decoding=\"async\" width=\"100\" height=\"60\" src=\"https:\/\/mydagro.com\/es\/wp-content\/uploads\/2024\/09\/costarica.png\" class=\"attachment-thumbnail size-thumbnail wp-image-18259\" alt=\"\" \/>\t\t\t\t\t\t\t\t\t\t\t\t\t\t\t<\/div>\n\t\t\t\t<\/div>\n\t\t\t\t<div class=\"elementor-element elementor-element-764aac7 elementor-widget__width-auto elementor-widget elementor-widget-heading\" data-id=\"764aac7\" data-element_type=\"widget\" data-e-type=\"widget\" data-widget_type=\"heading.default\">\n\t\t\t\t<div class=\"elementor-widget-container\">\n\t\t\t\t\t<h2 class=\"elementor-heading-title elementor-size-default\">\u25cf Costa Rica<\/h2>\t\t\t\t<\/div>\n\t\t\t\t<\/div>\n\t\t\t\t<\/div>\n\t\t<div class=\"elementor-element elementor-element-c4e1fc5 e-con-full e-flex e-con e-child\" data-id=\"c4e1fc5\" data-element_type=\"container\" data-e-type=\"container\">\n\t\t\t\t<div class=\"elementor-element elementor-element-6603b53 elementor-widget__width-auto elementor-widget elementor-widget-heading\" data-id=\"6603b53\" data-element_type=\"widget\" data-e-type=\"widget\" data-widget_type=\"heading.default\">\n\t\t\t\t<div class=\"elementor-widget-container\">\n\t\t\t\t\t<h2 class=\"elementor-heading-title elementor-size-default\">Sudam\u00e9rica      <\/h2>\t\t\t\t<\/div>\n\t\t\t\t<\/div>\n\t\t\t\t<\/div>\n\t\t<div class=\"elementor-element elementor-element-006fe37 e-con-full e-flex e-con e-child\" data-id=\"006fe37\" data-element_type=\"container\" data-e-type=\"container\">\n\t\t\t\t<div class=\"elementor-element elementor-element-864fa84 elementor-widget__width-auto elementor-widget elementor-widget-image\" data-id=\"864fa84\" data-element_type=\"widget\" data-e-type=\"widget\" data-widget_type=\"image.default\">\n\t\t\t\t<div class=\"elementor-widget-container\">\n\t\t\t\t\t\t\t\t\t\t\t\t\t\t\t<img loading=\"lazy\" decoding=\"async\" width=\"100\" height=\"60\" src=\"https:\/\/mydagro.com\/es\/wp-content\/uploads\/2024\/08\/belice.png\" class=\"attachment-thumbnail size-thumbnail wp-image-18238\" alt=\"\" \/>\t\t\t\t\t\t\t\t\t\t\t\t\t\t\t<\/div>\n\t\t\t\t<\/div>\n\t\t\t\t<div class=\"elementor-element elementor-element-92be96a elementor-widget__width-auto elementor-widget elementor-widget-heading\" data-id=\"92be96a\" data-element_type=\"widget\" data-e-type=\"widget\" data-widget_type=\"heading.default\">\n\t\t\t\t<div class=\"elementor-widget-container\">\n\t\t\t\t\t<h2 class=\"elementor-heading-title elementor-size-default\">\u25cf Chile<\/h2>\t\t\t\t<\/div>\n\t\t\t\t<\/div>\n\t\t\t\t<div class=\"elementor-element elementor-element-fc5b55a elementor-widget elementor-widget-heading\" data-id=\"fc5b55a\" data-element_type=\"widget\" data-e-type=\"widget\" data-widget_type=\"heading.default\">\n\t\t\t\t<div class=\"elementor-widget-container\">\n\t\t\t\t\t<h2 class=\"elementor-heading-title elementor-size-default\">A\u00f1ade aqu\u00ed tu texto de cabecera<\/h2>\t\t\t\t<\/div>\n\t\t\t\t<\/div>\n\t\t\t\t<\/div>\n\t\t<div class=\"elementor-element elementor-element-b1df626 e-con-full e-flex e-con e-child\" data-id=\"b1df626\" data-element_type=\"container\" data-e-type=\"container\">\n\t\t\t\t<div class=\"elementor-element elementor-element-ee19d55 elementor-widget__width-auto elementor-widget elementor-widget-image\" data-id=\"ee19d55\" data-element_type=\"widget\" data-e-type=\"widget\" data-widget_type=\"image.default\">\n\t\t\t\t<div class=\"elementor-widget-container\">\n\t\t\t\t\t\t\t\t\t\t\t\t\t\t\t<img loading=\"lazy\" decoding=\"async\" width=\"640\" height=\"427\" src=\"https:\/\/mydagro.com\/es\/wp-content\/uploads\/2025\/09\/ecuador-1024x683.png\" class=\"attachment-large size-large wp-image-18289\" alt=\"\" srcset=\"https:\/\/mydagro.com\/es\/wp-content\/uploads\/2025\/09\/ecuador-1024x683.png 1024w, https:\/\/mydagro.com\/es\/wp-content\/uploads\/2025\/09\/ecuador-300x200.png 300w, https:\/\/mydagro.com\/es\/wp-content\/uploads\/2025\/09\/ecuador-768x512.png 768w, https:\/\/mydagro.com\/es\/wp-content\/uploads\/2025\/09\/ecuador-600x400.png 600w, https:\/\/mydagro.com\/es\/wp-content\/uploads\/2025\/09\/ecuador.png 1525w\" sizes=\"(max-width: 640px) 100vw, 640px\" \/>\t\t\t\t\t\t\t\t\t\t\t\t\t\t\t<\/div>\n\t\t\t\t<\/div>\n\t\t\t\t<div class=\"elementor-element elementor-element-6f666cb elementor-widget__width-auto elementor-widget elementor-widget-heading\" data-id=\"6f666cb\" data-element_type=\"widget\" data-e-type=\"widget\" data-widget_type=\"heading.default\">\n\t\t\t\t<div class=\"elementor-widget-container\">\n\t\t\t\t\t<h2 class=\"elementor-heading-title elementor-size-default\">\u25cf Ecuador<\/h2>\t\t\t\t<\/div>\n\t\t\t\t<\/div>\n\t\t\t\t<\/div>\n\t\t<div class=\"elementor-element elementor-element-25bf7ac e-con-full e-flex e-con e-child\" data-id=\"25bf7ac\" data-element_type=\"container\" data-e-type=\"container\">\n\t\t\t\t<div class=\"elementor-element elementor-element-012fe59 elementor-widget__width-auto elementor-widget elementor-widget-heading\" data-id=\"012fe59\" data-element_type=\"widget\" data-e-type=\"widget\" data-widget_type=\"heading.default\">\n\t\t\t\t<div class=\"elementor-widget-container\">\n\t\t\t\t\t<h2 class=\"elementor-heading-title elementor-size-default\">Uni\u00f3n Europea<\/h2>\t\t\t\t<\/div>\n\t\t\t\t<\/div>\n\t\t\t\t<\/div>\n\t\t<div class=\"elementor-element elementor-element-cfec006 e-flex e-con-boxed e-con e-child\" data-id=\"cfec006\" data-element_type=\"container\" data-e-type=\"container\">\n\t\t\t\t\t<div class=\"e-con-inner\">\n\t\t\t\t\t<\/div>\n\t\t\t\t<\/div>\n\t\t<div class=\"elementor-element elementor-element-b1e87bb e-con-full e-flex e-con e-child\" data-id=\"b1e87bb\" data-element_type=\"container\" data-e-type=\"container\">\n\t\t\t\t<div class=\"elementor-element elementor-element-2be8856 elementor-widget__width-auto elementor-widget elementor-widget-image\" data-id=\"2be8856\" data-element_type=\"widget\" data-e-type=\"widget\" data-widget_type=\"image.default\">\n\t\t\t\t<div class=\"elementor-widget-container\">\n\t\t\t\t\t\t\t\t\t\t\t\t\t\t\t<img loading=\"lazy\" decoding=\"async\" width=\"100\" height=\"59\" src=\"https:\/\/mydagro.com\/es\/wp-content\/uploads\/2021\/10\/Espana.png\" class=\"attachment-thumbnail size-thumbnail wp-image-17779\" alt=\"\" \/>\t\t\t\t\t\t\t\t\t\t\t\t\t\t\t<\/div>\n\t\t\t\t<\/div>\n\t\t\t\t<div class=\"elementor-element elementor-element-077e2b5 elementor-widget__width-auto elementor-widget elementor-widget-heading\" data-id=\"077e2b5\" data-element_type=\"widget\" data-e-type=\"widget\" data-widget_type=\"heading.default\">\n\t\t\t\t<div class=\"elementor-widget-container\">\n\t\t\t\t\t<h2 class=\"elementor-heading-title elementor-size-default\">\u25cf Espa\u00f1a<\/h2>\t\t\t\t<\/div>\n\t\t\t\t<\/div>\n\t\t\t\t<\/div>\n\t\t\t\t<\/div>\n\t\t\t\t\t<\/div>\n\t\t\t\t<\/div>\n\t\t\t\t<\/div>\n\t\t<div class=\"elementor-element elementor-element-1f2713f e-flex e-con-boxed e-con e-parent\" data-id=\"1f2713f\" data-element_type=\"container\" data-e-type=\"container\" data-settings=\"{&quot;background_background&quot;:&quot;classic&quot;}\">\n\t\t\t\t\t<div class=\"e-con-inner\">\n\t\t\t\t<div class=\"elementor-element elementor-element-caec3cc elementor-widget__width-initial elementor-widget elementor-widget-heading\" data-id=\"caec3cc\" data-element_type=\"widget\" data-e-type=\"widget\" data-widget_type=\"heading.default\">\n\t\t\t\t<div class=\"elementor-widget-container\">\n\t\t\t\t\t<p class=\"elementor-heading-title elementor-size-default\">\u00bfEst\u00e1s interesado en nuestros productos y no hay distribuidores autorizados en su \u00e1rea?<\/p>\t\t\t\t<\/div>\n\t\t\t\t<\/div>\n\t\t\t\t<div class=\"elementor-element elementor-element-c1181d7 elementor-widget__width-initial elementor-widget elementor-widget-heading\" data-id=\"c1181d7\" data-element_type=\"widget\" data-e-type=\"widget\" data-widget_type=\"heading.default\">\n\t\t\t\t<div class=\"elementor-widget-container\">\n\t\t\t\t\t<p class=\"elementor-heading-title elementor-size-default\"><a href=\"mailto:info@mydagro.com\">Env\u00edanos un mensaje a info@mydagro.com<\/a><\/p>\t\t\t\t<\/div>\n\t\t\t\t<\/div>\n\t\t\t\t\t<\/div>\n\t\t\t\t<\/div>\n\t\t\t\t<\/div>\n\t\t","protected":false},"excerpt":{"rendered":"<p>Contamos con una amplia red de distribuidores en EUA, M\u00e9xico, Centro America y Uni\u00f3n Europea. Te ayudamos a aumentar significativamente la producci\u00f3n y calidad de tus alimentos M\u00e9xico \u25cf Baja California\u25cf Baja California Sur\u25cf SonoraChihuahua \u25cf Coahuila\u25cf Nuevo Le\u00f3n\u25cf Tamaulipas\u25cf Sinaloa\u25cf Nayarit\u25cf Jalisco \u25cf Michoac\u00e1n\u25cf Colima\u25cf Zacatecas\u25cf San Lu\u00eds Potos\u00ed\u25cf Puebla\u25cf Morelos\u25cf Aguascalientes\u25cf Edo. M\u00e9xico\u25cf [&hellip;]<\/p>\n","protected":false},"author":1,"featured_media":0,"parent":0,"menu_order":0,"comment_status":"closed","ping_status":"closed","template":"elementor_header_footer","meta":{"nf_dc_page":"","footnotes":""},"class_list":["post-17858","page","type-page","status-publish","hentry"],"_links":{"self":[{"href":"https:\/\/mydagro.com\/es\/wp-json\/wp\/v2\/pages\/17858","targetHints":{"allow":["GET"]}}],"collection":[{"href":"https:\/\/mydagro.com\/es\/wp-json\/wp\/v2\/pages"}],"about":[{"href":"https:\/\/mydagro.com\/es\/wp-json\/wp\/v2\/types\/page"}],"author":[{"embeddable":true,"href":"https:\/\/mydagro.com\/es\/wp-json\/wp\/v2\/users\/1"}],"replies":[{"embeddable":true,"href":"https:\/\/mydagro.com\/es\/wp-json\/wp\/v2\/comments?post=17858"}],"version-history":[{"count":5,"href":"https:\/\/mydagro.com\/es\/wp-json\/wp\/v2\/pages\/17858\/revisions"}],"predecessor-version":[{"id":18296,"href":"https:\/\/mydagro.com\/es\/wp-json\/wp\/v2\/pages\/17858\/revisions\/18296"}],"wp:attachment":[{"href":"https:\/\/mydagro.com\/es\/wp-json\/wp\/v2\/media?parent=17858"}],"curies":[{"name":"wp","href":"https:\/\/api.w.org\/{rel}","templated":true}]}}